{"id":12503,"date":"2018-06-07T14:30:58","date_gmt":"2018-06-07T12:30:58","guid":{"rendered":"http:\/\/activite-piscine.com\/?page_id=12503"},"modified":"2024-03-13T11:24:46","modified_gmt":"2024-03-13T10:24:46","slug":"politique-dutilisation-des-cookies-et-autres-traceurs","status":"publish","type":"page","link":"https:\/\/activite-piscine.com\/en\/politique-dutilisation-des-cookies-et-autres-traceurs\/","title":{"rendered":"Politique d\u2019utilisation des cookies et autres traceurs\u00a0"},"content":{"rendered":"<p>Cette politique d\u2019utilisation des cookies et autres traceurs s\u2019applique \u00e0 http:\/\/activite-piscine.com<\/p>\n<p>Cette politique d\u2019utilisation explique comment les cookies et autres traceurs (ci-apr\u00e8s les \u00ab Cookies \u00bb) sont utilis\u00e9s par le Site Internet et comment vous pouvez en contr\u00f4ler l\u2019utilisation.<\/p>\n<p>En acc\u00e9dant au Site Internet, vous acceptez que cette politique d\u2019utilisation des Cookies s\u2019applique \u00e0 vous, \u00e0 chaque fois que vous acc\u00e9dez au Site Internet \u00e0 partir de n\u2019importe quel terminal.<\/p>\n<h2>1. Qu\u2019est-ce qu\u2019un Cookie ?<\/h2>\n<p>Un Cookie est un fichier texte susceptible d\u2019\u00eatre enregistr\u00e9, sous r\u00e9serve de vos choix, dans un espace d\u00e9di\u00e9 du disque dur de votre terminal (ordinateur, smartphone, tablette etc.) \u00e0 l\u2019occasion de la consultation du Site Internet gr\u00e2ce \u00e0 votre logiciel de navigation.<\/p>\n<p>Il est transmis par le serveur du Site Internet \u00e0 votre navigateur. A chaque Cookie est attribu\u00e9 un identifiant anonyme. Il a vocation \u00e0 collecter des informations relatives \u00e0 votre navigation et \u00e0 vous transmettre en retour des indications ou services sp\u00e9cialis\u00e9s.<\/p>\n<p>Lors de votre connexion au Site Internet, une banni\u00e8re s\u2019affiche en haut de la premi\u00e8re page. Sous r\u00e9serve de votre choix, des Cookies seront stock\u00e9s dans la m\u00e9moire de votre ordinateur, smartphone, tablette, mobile etc. Les informations ainsi collect\u00e9es peuvent \u00eatre utilis\u00e9es par le Site Internet ou par un tiers, telle qu\u2019une r\u00e9gie publicitaire, ou tout autre partenaire. La dur\u00e9e de validit\u00e9 du cookie est de 13 (treize) mois maximum \u00e0 compter du jour o\u00f9 vous avez donn\u00e9 votre consentement \u00e0 l\u2019int\u00e9gration dudit cookie.<\/p>\n<p>Vous avez cependant la possibilit\u00e9 de les effacer de votre terminal \u00e0 tout moment.<\/p>\n<p>Il existe plusieurs types de Cookies et diff\u00e9rents moyens de s\u2019y opposer<\/p>\n<p>Vous avez la possibilit\u00e9 de refuser l\u2019enregistrement des Cookies sur votre appareil et vous pouvez le faire \u00e0 tout moment via votre logiciel de navigation, selon la proc\u00e9dure d\u00e9crite au point 3 du pr\u00e9sent document.<\/p>\n<p>Cependant, le refus de certains Cookies peut causer la d\u00e9gradation d\u2019un certain nombre de fonctionnalit\u00e9s n\u00e9cessaires \u00e0 la navigation sur le Site Internet (difficult\u00e9s d\u2019enregistrement ou d\u2019affichage, etc.). Nous ne saurions, en pareil cas, \u00eatre responsables de ces dysfonctionnements.<\/p>\n<p>Par ailleurs, d\u00e9sactiver les Cookies de publicit\u00e9 ne signifie pas que vous ne recevrez pas de publicit\u00e9 mais simplement que celle-ci ne sera plus adapt\u00e9e \u00e0 vos int\u00e9r\u00eats.<\/p>\n<h2>2. Les diff\u00e9rents types de Cookies pr\u00e9sents sur le Site Internet :<\/h2>\n<p>Cookies fonctionnels :\u00a0Ces Cookies permettent de vous reconna\u00eetre lorsque vous utilisez et revenez sur le Site Internet, en conservant en m\u00e9moire les diff\u00e9rents choix que vous avez op\u00e9r\u00e9s lors de votre derni\u00e8re visite sur le Site Internet. Ils nous permettent ainsi de vous les proposer \u00e0 nouveau pour personnaliser votre exp\u00e9rience, en simplifiant et facilitant votre navigation.<\/p>\n<p>Cookies d\u2019audience \/ de statistiques :\u00a0Ces Cookies nous permettent d\u2019enregistrer certaines informations de connexions qui ont pour but d\u2019analyser et quantifier la fr\u00e9quentation sur le Site Internet puis d\u2019\u00e9laborer des \u00e9tudes qualitatives visant \u00e0 am\u00e9liorer la pr\u00e9sentation du Site Internet et de l\u2019information diffus\u00e9es sur nos produits et services. Ces Cookies sont utilis\u00e9s \u00e0 des fins d\u2019optimisation de notre Site Internet.<\/p>\n<p>Vous pouvez refuser l&rsquo;utilisation et le d\u00e9p\u00f4t de ces Cookies sur votre appareil en vous rendant sur :<br \/>\n<a href=\"https:\/\/tools.google.com\/dlpage\/gaoptout?hl=fr\" target=\"_blank\" rel=\"noopener\">Google Analytics :<\/a>\u00a0https:\/\/tools.google.com\/dlpage\/gaoptout?hl=fr<\/p>\n<p>Cookies de navigation :\u00a0Gr\u00e2ce \u00e0 ce type de Cookies, vous pouvez naviguer sur notre Site Internet et en utiliser les diff\u00e9rentes fonctionnalit\u00e9s. Ce type de Cookies est n\u00e9cessaire pour assurer votre identification et l\u2019acc\u00e8s \u00e0 votre compte sur le Site Internet. Sans ces Cookies, le Site Internet ne fonctionnerait pas correctement et vous ne seriez pas en mesure d\u2019utiliser tout ou partie des fonctionnalit\u00e9s du Site Internet.<\/p>\n<p>Cookies publicitaires :\u00a0Il s\u2019agit de Cookies utilis\u00e9s pour vous adresser de la publicit\u00e9 cibl\u00e9e. Ces Cookies permettent d\u2019identifier les pages et sites que vous consultez lors de votre navigation sur le Site Internet mais aussi sur d\u2019autres sites internet et services propos\u00e9s par des tiers sur lesquels nous \u00e9mettons des Cookies. Le profil de navigation constitu\u00e9 ne comporte aucune information nominative (comme votre nom par exemple). En \u00e9tablissant votre profil de navigation, nous sommes en mesure d\u2019optimiser la pertinence des bandeaux publicitaires comparativement \u00e0 une publicit\u00e9 servie de mani\u00e8re standard.<br \/>\nNous vous rappelons que d\u00e9sactiver les Cookies de publicit\u00e9 en param\u00e9trant votre navigateur ne signifie pas que vous ne recevrez pas de publicit\u00e9 mais simplement que celle-ci ne sera plus adapt\u00e9e \u00e0 vos int\u00e9r\u00eats.<\/p>\n<p>Cookies publicitaires tiers\u00a0:\u00a0Il s\u2019agit de Cookies d\u00e9pos\u00e9s par les annonceurs pr\u00e9sents sur le Site Internet. Ils sont utilis\u00e9s par les annonceurs tiers et\/ou leur r\u00e9gie (les partenaires) pour vous adresser de la publicit\u00e9 cibl\u00e9e. Ces Cookies permettent d\u2019identifier les pages et sites que vous consultez lors de votre navigation sur le Site Internet. Vous pouvez exprimer votre choix sur l\u2019utilisation de ces Cookies en param\u00e9trant votre navigateur ou directement sur les sites des partenaires.<br \/>\nNous vous rappelons que d\u00e9sactiver les Cookies de publicit\u00e9 dans votre navigateur ne signifie pas que vous ne recevrez pas de publicit\u00e9 mais simplement que celle-ci ne sera plus adapt\u00e9e \u00e0 vos int\u00e9r\u00eats.<br \/>\nCi-dessous la liste des partenaires susceptibles de d\u00e9poser des Cookies sur votre appareil via le Site Internet. En cliquant sur ces liens vous serez redirig\u00e9s sur les sites des partenaires, sur leur pratique et les choix qu\u2019ils vous proposent en mati\u00e8re de Cookies :<\/p>\n<p><a href=\"https:\/\/support.smartadserver.com\/s\/article\/ka00Y000000YsfsQAC\/Cookie-policy\" target=\"_blank\" rel=\"noopener\">Smart<\/a>\u00a0: https:\/\/support.smartadserver.com\/s\/article\/ka00Y000000YsfsQAC\/Cookie-policy<br \/>\n<a href=\"https:\/\/support.google.com\/dfp_premium\/answer\/2839090?hl=fr\" target=\"_blank\" rel=\"noopener\">DoubleClick\u00a0<\/a>: https:\/\/support.google.com\/dfp_premium\/answer\/2839090?hl=fr<br \/>\n<a href=\"https:\/\/support.google.com\/accounts\/answer\/61416?hl=fr\" target=\"_blank\" rel=\"noopener\">Google\u00a0<\/a>: https:\/\/support.google.com\/accounts\/answer\/61416?hl=fr<\/p>\n<p>Suggestion de contenus\u00a0:<br \/>\n<a href=\"http:\/\/www.outbrain.fr\/legal\/privacy-713\/#Four\" target=\"_blank\" rel=\"noopener\">Outbrain<\/a>\u00a0: http:\/\/www.outbrain.fr\/legal\/privacy-713\/#Four<br \/>\n<a href=\"https:\/\/www.ligatus.fr\/politique-de-confidentialite\" target=\"_blank\" rel=\"noopener\">Ligatus<\/a>\u00a0: https:\/\/www.ligatus.fr\/politique-de-confidentialite<br \/>\n<a href=\"http:\/\/www.ultimedia.com\/POLICY.html\" target=\"_blank\" rel=\"noopener\">Digiteka<\/a>\u00a0: http:\/\/www.ultimedia.com\/POLICY.html<br \/>\n<a href=\"http:\/\/www.acxiom.fr\/a-propos-d-acxiom\/information-sur-le-depot-de-cookie\/\" target=\"_blank\" rel=\"noopener\">Axciom<\/a>\u00a0: les cookies AcxiomLiveramp sont d\u00e9pos\u00e9s sur votre navigateur lors de l\u2019ouverture d\u2019un email ou de votre visite sur le site d\u2019un de nos partenaires. AxciomLiveramp collecte votre adresse email crypt\u00e9e selon un proc\u00e9d\u00e9 irr\u00e9versible lui permettant de cr\u00e9er une cl\u00e9 technique associ\u00e9e \u00e0 ses cookies. En d\u00e9posant ces cookies certaines informations techniques peuvent \u00eatre automatiquement collect\u00e9es (telle que IP, votre syst\u00e8me d\u2019exploitation ou votre type de navigateur). Ces cookies ne traquent pas votre navigation et AxciomLiveramp ne stocke aucune information li\u00e9e \u00e0 votre connexion. Vous pouvez \u00e0 tout moment et facilement vous opposer au d\u00e9p\u00f4t de ces cookies en cliquant\u00a0: http:\/\/www.acxiom.fr\/a-propos-d-acxiom\/information-sur-le-depot-de-cookie\/.<br \/>\n<a href=\"http:\/\/www.nielsen.com\/fr\/fr\/privacy-policy\/cookies.html\" target=\"_blank\" rel=\"noopener\">Nielsen<\/a>\u00a0: http:\/\/www.nielsen.com\/fr\/fr\/privacy-policy\/cookies.html<br \/>\n<a href=\"https:\/\/www.awin.com\/fr\/cgv\/privacy-policy\" target=\"_blank\" rel=\"noopener\">Awin\u00a0<\/a>: https:\/\/www.awin.com\/fr\/cgv\/privacy-policy<br \/>\n<a href=\"http:\/\/www.sirdata.com\/opt-out\/\" target=\"_blank\" rel=\"noopener\">Sirdata<\/a>\u00a0: http:\/\/www.sirdata.com\/opt-out\/<br \/>\n<a href=\"http:\/\/laplacemedia.com\/pratique-en-matiere-de-publicite-ciblee-et-cookies\/\" target=\"_blank\" rel=\"noopener\">La Place M\u00e9dia<\/a>\u00a0: http:\/\/laplacemedia.com\/pratique-en-matiere-de-publicite-ciblee-et-cookies\/<br \/>\n<a href=\"http:\/\/www.nugg.ad\/fr\/protection-des-donnees\/informations-generales.html\" target=\"_blank\" rel=\"noopener\">NuggAd<\/a>\u00a0: http:\/\/www.nugg.ad\/fr\/protection-des-donnees\/informations-generales.html<br \/>\n<a href=\"http:\/\/www.politiquecookiesgcm.fr\/politique-cookies-mut.pdf\" target=\"_blank\" rel=\"noopener\">Groupe concoursmania<\/a>\u00a0: http:\/\/www.politiquecookiesgcm.fr\/politique-cookies-mut.pdf<br \/>\n<a href=\"http:\/\/freewheel.tv\/privacy-policy\/?doing_wp_cron=1517995439.9035279750823974609375\" target=\"_blank\" rel=\"noopener\">Freewheel<\/a>\u00a0: http:\/\/freewheel.tv\/privacy-policy\/?doing_wp_cron=1517995439.9035279750823974609375<br \/>\n<a href=\"https:\/\/www.taboola.com\/privacy-policy#customers-1-3\" target=\"_blank\" rel=\"noopener\">Taboola<\/a>\u00a0: https:\/\/www.taboola.com\/privacy-policy#customers-1-3<br \/>\n<a href=\"https:\/\/support.google.com\/adwords\/answer\/32050\" target=\"_blank\" rel=\"noopener\">Google Adwords<\/a>\u00a0: https:\/\/support.google.com\/adwords\/answer\/32050<br \/>\n<a href=\"https:\/\/privacy.microsoft.com\/fr-fr\/privacystatement\" target=\"_blank\" rel=\"noopener\">Bing Ads<\/a>\u00a0: https:\/\/privacy.microsoft.com\/fr-fr\/privacystatement<br \/>\n<a href=\"https:\/\/www.criteo.com\/fr\/privacy\/\" target=\"_blank\" rel=\"noopener\">Crit\u00e9o<\/a>\u00a0: https:\/\/www.criteo.com\/fr\/privacy\/<br \/>\n<a href=\"https:\/\/support.kameleoon.com\/hc\/en-us\/articles\/207651939-Cookies-management-and-CNIL-obligations\" target=\"_blank\" rel=\"noopener\">Kameleoon<\/a>\u00a0: https:\/\/support.kameleoon.com\/hc\/en-us\/articles\/207651939-Cookies-management-and-CNIL-obligations<br \/>\n<a href=\"http:\/\/www.tradedoubler.com\/en\/privacy-policy\/\" target=\"_blank\" rel=\"noopener\">Tradedoubler<\/a>\u00a0: http:\/\/www.tradedoubler.com\/en\/privacy-policy\/<br \/>\n<a href=\"http:\/\/tradelab.com\/vie-privee-2\/\" target=\"_blank\" rel=\"noopener\">Tradelab<\/a>\u00a0: http:\/\/tradelab.com\/vie-privee-2\/<br \/>\n<a href=\"https:\/\/www.ve.com\/fr\/cookies\" target=\"_blank\" rel=\"noopener\">Ve Interactive<\/a>\u00a0: https:\/\/www.ve.com\/fr\/cookies\/<br \/>\n<a href=\"http:\/\/www.veoxa.com\/index.php?Act=about\" target=\"_blank\" rel=\"noopener\">VEOXA<\/a>\u00a0: http:\/\/www.veoxa.com\/index.php?Act=about<br \/>\n<a href=\"https:\/\/www.affili.net\/fr\/a-propos-des-cookies\" target=\"_blank\" rel=\"noopener\">Affilinet<\/a>\u00a0: https:\/\/www.affili.net\/fr\/a-propos-des-cookies<br \/>\n<a href=\"http:\/\/www.effinity.partners\/mentions-legales\/\" target=\"_blank\" rel=\"noopener\">Effinity<\/a>\u00a0: http:\/\/www.effinity.partners\/mentions-legales\/<\/p>\n<p>Afin de vous permettre un meilleur contr\u00f4le, une plus grande libert\u00e9 de choix et un acc\u00e8s simplifi\u00e9 \u00e0 la gestion des Cookies publicitaires, nous vous invitons \u00e0 vous rendre sur les sites :<br \/>\n<a href=\"http:\/\/www.networkadvertising.org\/choices\/\" target=\"_blank\" rel=\"noopener\">http:\/\/www.networkadvertising.org\/choices\/<\/a>\u00a0(NAI)<br \/>\n<a href=\"http:\/\/www.youronlinechoices.com\/fr\/controler-ses-cookies\/\" target=\"_blank\" rel=\"noopener\">http:\/\/www.youronlinechoices.com\/fr\/controler-ses-cookies\/<\/a>\u00a0(EIDAA),<br \/>\nqui regroupe les principaux r\u00e9seaux publicitaires. Vous pourrez ainsi choisir d\u2019accepter ou refuser les Cookies publicitaires de chaque r\u00e9seau publicitaire.<\/p>\n<p><strong>Cookies de r\u00e9seaux sociaux :<\/strong>\u00a0Nous utilisons des applications informatiques \u00e9manant de tiers afin de vous permettre de partager des contenus du Site Internet avec d\u2019autres personnes via les \u00ab boutons de partage de r\u00e9seaux sociaux \u00bb.<br \/>\nSi vous \u00eates connect\u00e9 au r\u00e9seau social en question au moment o\u00f9 vous naviguez sur le Site Internet les boutons applicatifs peuvent permettre de relier les pages consult\u00e9es \u00e0 votre compte utilisateur. D\u00e8s votre clic effectu\u00e9 sur le r\u00e9seau social, votre navigation sur le Site Internet ainsi que votre adh\u00e9sion au r\u00e9seau social donnera la possibilit\u00e9 \u00e0 ce dernier de collecter vos donn\u00e9es personnelles directement sur son serveur.<\/p>\n<p>Si vous ne souhaitez pas que le r\u00e9seau social relie les informations collect\u00e9es par l&rsquo;interm\u00e9diaire du Site Internet \u00e0 votre compte utilisateur, vous pouvez vous d\u00e9connecter du r\u00e9seau social avant de visiter le Site Internet.<\/p>\n<p>Nous vous invitons \u00e0 consulter les politiques de protection de la vie priv\u00e9e des r\u00e9seaux sociaux afin de prendre connaissance des finalit\u00e9s d&rsquo;utilisation, notamment publicitaires, des informations de navigation qu&rsquo;ils peuvent recueillir gr\u00e2ce \u00e0 ces boutons applicatifs :<br \/>\n\u2013\u00a0 pour\u00a0<a href=\"http:\/\/www.facebook.com\/about\/privacy\/\" target=\"_blank\" rel=\"noopener\">Facebook<\/a>\u00a0: http:\/\/www.facebook.com\/about\/privacy\/<br \/>\n\u2013\u00a0 pour\u00a0<a href=\"https:\/\/twitter.com\/privacy\" target=\"_blank\" rel=\"noopener\">Twitter<\/a>\u00a0: https:\/\/twitter.com\/privacy<br \/>\n\u2013\u00a0 pour\u00a0<a href=\"http:\/\/fr.linkedin.com\/legal\/cookie-policy\" target=\"_blank\" rel=\"noopener\">Linkedin\u00a0<\/a>\u00a0: http:\/\/fr.linkedin.com\/legal\/cookie-policy<br \/>\n\u2013\u00a0 pour\u00a0<a href=\"http:\/\/www.google.com\/intl\/en\/policies\/privacy\/\" target=\"_blank\" rel=\"noopener\">Google<\/a>\u00a0: http:\/\/www.google.com\/intl\/en\/policies\/privacy\/<br \/>\n\u2013\u00a0 pour\u00a0<a href=\"https:\/\/about.pinterest.com\/it\/privacy-policy\" target=\"_blank\" rel=\"noopener\">Pinterest<\/a>\u00a0: https:\/\/about.pinterest.com\/it\/privacy-policy<\/p>\n<h2>3. Param\u00e9trage de votre navigateur<\/h2>\n<p>En param\u00e9trant votre logiciel de navigation Internet sur votre appareil, vous pouvez accepter ou refuser les Cookies.<\/p>\n<p>Nous vous rappelons que d\u00e9sactiver les Cookies peut entrainer la d\u00e9gradation de votre navigation sur le Site Internet, ce pour quoi nous ne saurions \u00eates tenus responsables \u00e0 quelque titre que ce soit.<\/p>\n<p>Par ailleurs, d\u00e9sactiver les Cookies de publicit\u00e9 ne signifie pas que vous ne recevrez pas de publicit\u00e9 mais simplement que celle-ci ne sera plus adapt\u00e9e \u00e0 vos int\u00e9r\u00eats.<\/p>\n<p>Selon le type de navigateur install\u00e9 sur votre appareil, le choix de la gestion des Cookies est d\u00e9crit dans le menu d\u2019aide de votre navigateur qui va vous permettre de param\u00e9trer vos choix. Ce menu vous signale les Cookies qui sont d\u00e9pos\u00e9s dans votre appareil et vous demande :<br \/>\n\u2013\u00a0de les accepter ou non,<br \/>\n\u2013 de les accepter ou les refuser au cas par cas,<br \/>\n\u2013\u00a0de les refuser syst\u00e9matiquement.<\/p>\n<p>Pour param\u00e9trer vos choix en mati\u00e8re de cookies, veuillez suivre le lien qui correspond \u00e0 votre navigateur internet :<br \/>\npour\u00a0<a href=\"http:\/\/support.mozilla.org\/fr\/kb\/Activer%20et%20d%C3%A9sactiver%20les%20cookies\" target=\"_blank\" rel=\"noopener\">Firefox<\/a>\u00a0: http:\/\/support.mozilla.org\/fr\/kb\/Activer%20et%20d%C3%A9sactiver%20les%20cookies<br \/>\npour\u00a0<a href=\"http:\/\/windows.microsoft.com\/fr-FR\/windows-vista\/Block-or-allow-cookies\">Internet Explorer<\/a>\u00a0: http:\/\/windows.microsoft.com\/fr-FR\/windows-vista\/Block-or-allow-cookies<br \/>\npour\u00a0<u><a href=\"https:\/\/privacy.microsoft.com\/fr-fr\/windows-10-microsoft-edge-and-privacy\" target=\"_blank\" rel=\"noopener\">Microsoft Edg<\/a>e<\/u>\u00a0: https:\/\/privacy.microsoft.com\/fr-fr\/windows-10-microsoft-edge-and-privacy<br \/>\npour\u00a0<a href=\"http:\/\/support.google.com\/chrome\/bin\/answer.py?hl=fr&amp;hlrm=en&amp;answer=95647\" target=\"_blank\" rel=\"noopener\">Chrome<\/a>\u00a0: http:\/\/support.google.com\/chrome\/bin\/answer.py?hl=fr&amp;hlrm=en&amp;answer=95647<br \/>\npour\u00a0<a href=\"http:\/\/help.opera.com\/Windows\/10.20\/fr\/cookies.html\" target=\"_blank\" rel=\"noopener\">Op\u00e9ra<\/a>\u00a0: http:\/\/help.opera.com\/Windows\/10.20\/fr\/cookies.html<br \/>\npour\u00a0<a href=\"http:\/\/support.apple.com\/kb\/PH5042%22%20http:\/\/support.apple.com\/kb\/PH5042\" target=\"_blank\" rel=\"noopener\">Safari<\/a>\u00a0: http:\/\/support.apple.com\/kb\/PH5042&Prime; http:\/\/support.apple.com\/kb\/PH5042<\/p>\n<p>\u00ab\u00a0Adobe Flash Player\u00a0\u00bb\u2122 est une application informatique qui permet le d\u00e9veloppement rapide des contenus dynamiques utilisant le langage informatique \u00ab\u00a0Flash\u00a0\u00bb.<br \/>\nFlash (et les applications de m\u00eame type) m\u00e9morise les param\u00e8tres, les pr\u00e9f\u00e9rences et l&rsquo;utilisation de ces contenus gr\u00e2ce \u00e0 une technologie similaire aux Cookies. Toutefois, \u00ab\u00a0Adobe Flash Player\u00a0\u00bb\u2122 g\u00e8re ces informations et vos choix via une interface diff\u00e9rente de celle fournie par votre logiciel de navigation.<br \/>\nDans la mesure o\u00f9 votre appareil serait susceptible de visualiser des contenus d\u00e9velopp\u00e9s avec le langage Flash, nous vous invitons \u00e0 acc\u00e9der \u00e0 vos outils de gestion des Cookies Flash, directement depuis le site\u00a0<a href=\"http:\/\/www.adobe.com\/fr\/\" target=\"_blank\" rel=\"noopener\">http:\/\/www.adobe.com\/fr\/<\/a><\/p>\n<p>Plus d\u2019informations sur les cookies<\/p>\n<p><a href=\"https:\/\/www.cnil.fr\/fr\/cookies-les-outils-pour-les-maitriser\" target=\"_blank\" rel=\"noopener\">https:\/\/www.cnil.fr\/fr\/cookies-les-outils-pour-les-maitriser<\/a><\/p>\n<p class=\"ml\">(mise \u00e0 jour du 06\/07\/18)<\/p>\n<p>&nbsp;<\/p>\n<p><a href=\"http:\/\/activite-piscine.com\/en\/mentions-legales\/\">Consulter nos mentions l\u00e9gales<\/a><\/p>","protected":false},"excerpt":{"rendered":"<p>Cette politique d\u2019utilisation des cookies et autres traceurs s\u2019applique \u00e0 http:\/\/activite-piscine.com Cette politique d\u2019utilisation explique comment les cookies et autres traceurs (ci-apr\u00e8s les \u00ab Cookies \u00bb) sont utilis\u00e9s par le Site Internet et comment vous pouvez en contr\u00f4ler l\u2019utilisation. En acc\u00e9dant au Site Internet, vous acceptez que cette politique d\u2019utilisation des Cookies s\u2019applique \u00e0 vous, [&hellip;]<\/p>\n","protected":false},"author":18,"featured_media":0,"parent":0,"menu_order":0,"comment_status":"closed","ping_status":"closed","template":"","meta":{"footnotes":""},"class_list":["post-12503","page","type-page","status-publish","hentry"],"_links":{"self":[{"href":"https:\/\/activite-piscine.com\/en\/wp-json\/wp\/v2\/pages\/12503","targetHints":{"allow":["GET"]}}],"collection":[{"href":"https:\/\/activite-piscine.com\/en\/wp-json\/wp\/v2\/pages"}],"about":[{"href":"https:\/\/activite-piscine.com\/en\/wp-json\/wp\/v2\/types\/page"}],"author":[{"embeddable":true,"href":"https:\/\/activite-piscine.com\/en\/wp-json\/wp\/v2\/users\/18"}],"replies":[{"embeddable":true,"href":"https:\/\/activite-piscine.com\/en\/wp-json\/wp\/v2\/comments?post=12503"}],"version-history":[{"count":0,"href":"https:\/\/activite-piscine.com\/en\/wp-json\/wp\/v2\/pages\/12503\/revisions"}],"wp:attachment":[{"href":"https:\/\/activite-piscine.com\/en\/wp-json\/wp\/v2\/media?parent=12503"}],"curies":[{"name":"wp","href":"https:\/\/api.w.org\/{rel}","templated":true}]}}