{"id":48132,"date":"2025-03-06T15:52:19","date_gmt":"2025-03-06T14:52:19","guid":{"rendered":"https:\/\/activite-piscine.com\/?page_id=48132"},"modified":"2025-10-06T15:13:58","modified_gmt":"2025-10-06T13:13:58","slug":"collectivites","status":"publish","type":"page","link":"https:\/\/activite-piscine.com\/en\/chantier\/collectivites\/","title":{"rendered":"Local authorities"},"content":{"rendered":"\t\t<div data-elementor-type=\"wp-page\" data-elementor-id=\"48132\" class=\"elementor elementor-48132\" data-elementor-post-type=\"page\">\n\t\t\t\t<div class=\"elementor-element elementor-element-23f5b52d e-con-full e-flex e-con e-parent\" data-id=\"23f5b52d\" data-element_type=\"container\" data-e-type=\"container\">\n\t\t<div class=\"elementor-element elementor-element-1211fae9 e-con-full e-flex e-con e-child\" data-id=\"1211fae9\" data-element_type=\"container\" data-e-type=\"container\">\n\t\t<div class=\"elementor-element elementor-element-c641ca3 e-con-full e-flex e-con e-child\" data-id=\"c641ca3\" data-element_type=\"container\" data-e-type=\"container\">\n\t\t\t\t<div class=\"elementor-element elementor-element-69de757 elementor-widget elementor-widget-heading\" data-id=\"69de757\" data-element_type=\"widget\" data-e-type=\"widget\" data-widget_type=\"heading.default\">\n\t\t\t\t<div class=\"elementor-widget-container\">\n\t\t\t\t\t<h2 class=\"elementor-heading-title elementor-size-default\">Chantier - Collectivit\u00e9s<\/h2>\t\t\t\t<\/div>\n\t\t\t\t<\/div>\n\t\t\t\t<div class=\"elementor-element elementor-element-c477a7f elementor-widget-divider--view-line elementor-widget elementor-widget-divider\" data-id=\"c477a7f\" data-element_type=\"widget\" data-e-type=\"widget\" data-widget_type=\"divider.default\">\n\t\t\t\t<div class=\"elementor-widget-container\">\n\t\t\t\t\t\t\t<div class=\"elementor-divider\">\n\t\t\t<span class=\"elementor-divider-separator\">\n\t\t\t\t\t\t<\/span>\n\t\t<\/div>\n\t\t\t\t\t\t<\/div>\n\t\t\t\t<\/div>\n\t\t\t\t<div class=\"elementor-element elementor-element-b6410b3 elementor-grid-3 elementor-grid-tablet-2 elementor-grid-mobile-1 elementor-posts--thumbnail-top elementor-widget elementor-widget-posts\" data-id=\"b6410b3\" data-element_type=\"widget\" data-e-type=\"widget\" data-settings=\"{&quot;pagination_type&quot;:&quot;prev_next&quot;,&quot;classic_columns&quot;:&quot;3&quot;,&quot;classic_columns_tablet&quot;:&quot;2&quot;,&quot;classic_columns_mobile&quot;:&quot;1&quot;,&quot;classic_row_gap&quot;:{&quot;unit&quot;:&quot;px&quot;,&quot;size&quot;:35,&quot;sizes&quot;:[]},&quot;classic_row_gap_tablet&quot;:{&quot;unit&quot;:&quot;px&quot;,&quot;size&quot;:&quot;&quot;,&quot;sizes&quot;:[]},&quot;classic_row_gap_mobile&quot;:{&quot;unit&quot;:&quot;px&quot;,&quot;size&quot;:&quot;&quot;,&quot;sizes&quot;:[]}}\" data-widget_type=\"posts.classic\">\n\t\t\t\t<div class=\"elementor-widget-container\">\n\t\t\t\t\t\t\t<div class=\"elementor-posts-container elementor-posts elementor-posts--skin-classic elementor-grid\" role=\"list\">\n\t\t\t\t<article class=\"elementor-post elementor-grid-item post-52487 post type-post status-publish format-standard has-post-thumbnail hentry category-collectivites tag-carre-bleu\" role=\"listitem\">\n\t\t\t\t<a class=\"elementor-post__thumbnail__link\" href=\"https:\/\/activite-piscine.com\/en\/chantier\/collectivites\/piscine-montagne-wellness-nicollier-group\/\" tabindex=\"-1\" >\n\t\t\t<div class=\"elementor-post__thumbnail\"><img fetchpriority=\"high\" decoding=\"async\" width=\"300\" height=\"200\" src=\"https:\/\/activite-piscine.com\/wp-content\/uploads\/2026\/01\/DSC02409-300x200.jpg\" class=\"attachment-medium size-medium wp-image-52492\" alt=\"\" srcset=\"https:\/\/activite-piscine.com\/wp-content\/uploads\/2026\/01\/DSC02409-300x200.jpg 300w, https:\/\/activite-piscine.com\/wp-content\/uploads\/2026\/01\/DSC02409-1024x682.jpg 1024w, https:\/\/activite-piscine.com\/wp-content\/uploads\/2026\/01\/DSC02409-768x512.jpg 768w, https:\/\/activite-piscine.com\/wp-content\/uploads\/2026\/01\/DSC02409-1536x1024.jpg 1536w, https:\/\/activite-piscine.com\/wp-content\/uploads\/2026\/01\/DSC02409.jpg 2000w\" sizes=\"(max-width: 300px) 100vw, 300px\" \/><\/div>\n\t\t<\/a>\n\t\t\t\t<div class=\"elementor-post__text\">\n\t\t\t\t<h3 class=\"elementor-post__title\">\n\t\t\t<a href=\"https:\/\/activite-piscine.com\/en\/chantier\/collectivites\/piscine-montagne-wellness-nicollier-group\/\" >\n\t\t\t\tUn projet atypique au c\u0153ur du Valais\t\t\t<\/a>\n\t\t<\/h3>\n\t\t\t\t<div class=\"elementor-post__meta-data\">\n\t\t\t\t\t<span class=\"elementor-post-date\">\n\t\t\t17 February 2026\t\t<\/span>\n\t\t\t\t<\/div>\n\t\t\t\t\t<div class=\"elementor-post__read-more-wrapper\">\n\t\t\n\t\t<a class=\"elementor-post__read-more\" href=\"https:\/\/activite-piscine.com\/en\/chantier\/collectivites\/piscine-montagne-wellness-nicollier-group\/\" aria-label=\"Read more about Un projet atypique au c\u0153ur du Valais\" tabindex=\"-1\" >\n\t\t\tLire plus \u00bb\t\t<\/a>\n\n\t\t\t\t\t<\/div>\n\t\t\t\t<\/div>\n\t\t\t\t<\/article>\n\t\t\t\t<article class=\"elementor-post elementor-grid-item post-52208 post type-post status-publish format-standard has-post-thumbnail hentry category-collectivites\" role=\"listitem\">\n\t\t\t\t<a class=\"elementor-post__thumbnail__link\" href=\"https:\/\/activite-piscine.com\/en\/chantier\/collectivites\/une-piscine-ecoresponsableau-coeur-dun-site-contraint\/\" tabindex=\"-1\" >\n\t\t\t<div class=\"elementor-post__thumbnail\"><img decoding=\"async\" width=\"300\" height=\"226\" src=\"https:\/\/activite-piscine.com\/wp-content\/uploads\/2025\/12\/IMG_7850-retouchee-2-300x226.jpg\" class=\"attachment-medium size-medium wp-image-52229\" alt=\"\" srcset=\"https:\/\/activite-piscine.com\/wp-content\/uploads\/2025\/12\/IMG_7850-retouchee-2-300x226.jpg 300w, https:\/\/activite-piscine.com\/wp-content\/uploads\/2025\/12\/IMG_7850-retouchee-2-1024x772.jpg 1024w, https:\/\/activite-piscine.com\/wp-content\/uploads\/2025\/12\/IMG_7850-retouchee-2-768x579.jpg 768w, https:\/\/activite-piscine.com\/wp-content\/uploads\/2025\/12\/IMG_7850-retouchee-2-1536x1157.jpg 1536w, https:\/\/activite-piscine.com\/wp-content\/uploads\/2025\/12\/IMG_7850-retouchee-2-2048x1543.jpg 2048w\" sizes=\"(max-width: 300px) 100vw, 300px\" \/><\/div>\n\t\t<\/a>\n\t\t\t\t<div class=\"elementor-post__text\">\n\t\t\t\t<h3 class=\"elementor-post__title\">\n\t\t\t<a href=\"https:\/\/activite-piscine.com\/en\/chantier\/collectivites\/une-piscine-ecoresponsableau-coeur-dun-site-contraint\/\" >\n\t\t\t\tUne piscine \u00e9coresponsable au c\u0153ur d\u2019un site contraint\t\t\t<\/a>\n\t\t<\/h3>\n\t\t\t\t<div class=\"elementor-post__meta-data\">\n\t\t\t\t\t<span class=\"elementor-post-date\">\n\t\t\t17 December 2025\t\t<\/span>\n\t\t\t\t<\/div>\n\t\t\t\t\t<div class=\"elementor-post__read-more-wrapper\">\n\t\t\n\t\t<a class=\"elementor-post__read-more\" href=\"https:\/\/activite-piscine.com\/en\/chantier\/collectivites\/une-piscine-ecoresponsableau-coeur-dun-site-contraint\/\" aria-label=\"Read more about Une piscine \u00e9coresponsable au c\u0153ur d\u2019un site contraint\" tabindex=\"-1\" >\n\t\t\tLire plus \u00bb\t\t<\/a>\n\n\t\t\t\t\t<\/div>\n\t\t\t\t<\/div>\n\t\t\t\t<\/article>\n\t\t\t\t<article class=\"elementor-post elementor-grid-item post-49961 post type-post status-publish format-standard has-post-thumbnail hentry category-collectivites\" role=\"listitem\">\n\t\t\t\t<a class=\"elementor-post__thumbnail__link\" href=\"https:\/\/activite-piscine.com\/en\/chantier\/collectivites\/une-renovation-sous-le-signe-de-leco-responsabilite\/\" tabindex=\"-1\" >\n\t\t\t<div class=\"elementor-post__thumbnail\"><img decoding=\"async\" width=\"300\" height=\"210\" src=\"https:\/\/activite-piscine.com\/wp-content\/uploads\/2025\/07\/Collectivites-300x210.jpg\" class=\"attachment-medium size-medium wp-image-50000\" alt=\"\" srcset=\"https:\/\/activite-piscine.com\/wp-content\/uploads\/2025\/07\/Collectivites-300x210.jpg 300w, https:\/\/activite-piscine.com\/wp-content\/uploads\/2025\/07\/Collectivites-768x538.jpg 768w, https:\/\/activite-piscine.com\/wp-content\/uploads\/2025\/07\/Collectivites.jpg 1000w\" sizes=\"(max-width: 300px) 100vw, 300px\" \/><\/div>\n\t\t<\/a>\n\t\t\t\t<div class=\"elementor-post__text\">\n\t\t\t\t<h3 class=\"elementor-post__title\">\n\t\t\t<a href=\"https:\/\/activite-piscine.com\/en\/chantier\/collectivites\/une-renovation-sous-le-signe-de-leco-responsabilite\/\" >\n\t\t\t\tUne r\u00e9novation sous le signe de l&rsquo;\u00e9co-responsabilit\u00e9\t\t\t<\/a>\n\t\t<\/h3>\n\t\t\t\t<div class=\"elementor-post__meta-data\">\n\t\t\t\t\t<span class=\"elementor-post-date\">\n\t\t\t28 July 2025\t\t<\/span>\n\t\t\t\t<\/div>\n\t\t\t\t\t<div class=\"elementor-post__read-more-wrapper\">\n\t\t\n\t\t<a class=\"elementor-post__read-more\" href=\"https:\/\/activite-piscine.com\/en\/chantier\/collectivites\/une-renovation-sous-le-signe-de-leco-responsabilite\/\" aria-label=\"Read more about Une r\u00e9novation sous le signe de l&rsquo;\u00e9co-responsabilit\u00e9\" tabindex=\"-1\" >\n\t\t\tLire plus \u00bb\t\t<\/a>\n\n\t\t\t\t\t<\/div>\n\t\t\t\t<\/div>\n\t\t\t\t<\/article>\n\t\t\t\t<article class=\"elementor-post elementor-grid-item post-48418 post type-post status-publish format-standard has-post-thumbnail hentry category-collectivites tag-lesprit-piscine\" role=\"listitem\">\n\t\t\t\t<a class=\"elementor-post__thumbnail__link\" href=\"https:\/\/activite-piscine.com\/en\/chantier\/collectivites\/une-collaboration-fructueuse\/\" tabindex=\"-1\" >\n\t\t\t<div class=\"elementor-post__thumbnail\"><img loading=\"lazy\" decoding=\"async\" width=\"300\" height=\"200\" src=\"https:\/\/activite-piscine.com\/wp-content\/uploads\/2025\/03\/l-esprit-piscine_Piscines-Es-Spas-67_Hotel-La-Perle-des-Vosges1-300x200.jpg\" class=\"attachment-medium size-medium wp-image-48424\" alt=\"PISCINE l esprit piscine_Piscines Es &amp; Spas (67)_Ho\u0302tel La Perle des Vosges\" srcset=\"https:\/\/activite-piscine.com\/wp-content\/uploads\/2025\/03\/l-esprit-piscine_Piscines-Es-Spas-67_Hotel-La-Perle-des-Vosges1-300x200.jpg 300w, https:\/\/activite-piscine.com\/wp-content\/uploads\/2025\/03\/l-esprit-piscine_Piscines-Es-Spas-67_Hotel-La-Perle-des-Vosges1-1024x683.jpg 1024w, https:\/\/activite-piscine.com\/wp-content\/uploads\/2025\/03\/l-esprit-piscine_Piscines-Es-Spas-67_Hotel-La-Perle-des-Vosges1-768x512.jpg 768w, https:\/\/activite-piscine.com\/wp-content\/uploads\/2025\/03\/l-esprit-piscine_Piscines-Es-Spas-67_Hotel-La-Perle-des-Vosges1-1536x1024.jpg 1536w, https:\/\/activite-piscine.com\/wp-content\/uploads\/2025\/03\/l-esprit-piscine_Piscines-Es-Spas-67_Hotel-La-Perle-des-Vosges1-2048x1365.jpg 2048w\" sizes=\"(max-width: 300px) 100vw, 300px\" \/><\/div>\n\t\t<\/a>\n\t\t\t\t<div class=\"elementor-post__text\">\n\t\t\t\t<h3 class=\"elementor-post__title\">\n\t\t\t<a href=\"https:\/\/activite-piscine.com\/en\/chantier\/collectivites\/une-collaboration-fructueuse\/\" >\n\t\t\t\tUne collaboration fructueuse\t\t\t<\/a>\n\t\t<\/h3>\n\t\t\t\t<div class=\"elementor-post__meta-data\">\n\t\t\t\t\t<span class=\"elementor-post-date\">\n\t\t\t19 March 2025\t\t<\/span>\n\t\t\t\t<\/div>\n\t\t\t\t\t<div class=\"elementor-post__read-more-wrapper\">\n\t\t\n\t\t<a class=\"elementor-post__read-more\" href=\"https:\/\/activite-piscine.com\/en\/chantier\/collectivites\/une-collaboration-fructueuse\/\" aria-label=\"Read more about Une collaboration fructueuse\" tabindex=\"-1\" >\n\t\t\tLire plus \u00bb\t\t<\/a>\n\n\t\t\t\t\t<\/div>\n\t\t\t\t<\/div>\n\t\t\t\t<\/article>\n\t\t\t\t<article class=\"elementor-post elementor-grid-item post-45857 post type-post status-publish format-standard hentry category-collectivites\" role=\"listitem\">\n\t\t\t\t<div class=\"elementor-post__text\">\n\t\t\t\t<h3 class=\"elementor-post__title\">\n\t\t\t<a href=\"https:\/\/activite-piscine.com\/en\/chantier\/collectivites\/centre-nautique-et-sportif-de-gerland-un-projet-au-long-cours\/\" >\n\t\t\t\tCentre nautique et sportif de Gerland, un projet au long cours\t\t\t<\/a>\n\t\t<\/h3>\n\t\t\t\t<div class=\"elementor-post__meta-data\">\n\t\t\t\t\t<span class=\"elementor-post-date\">\n\t\t\t13 January 2025\t\t<\/span>\n\t\t\t\t<\/div>\n\t\t\t\t\t<div class=\"elementor-post__read-more-wrapper\">\n\t\t\n\t\t<a class=\"elementor-post__read-more\" href=\"https:\/\/activite-piscine.com\/en\/chantier\/collectivites\/centre-nautique-et-sportif-de-gerland-un-projet-au-long-cours\/\" aria-label=\"Read more about Centre nautique et sportif de Gerland, un projet au long cours\" tabindex=\"-1\" >\n\t\t\tLire plus \u00bb\t\t<\/a>\n\n\t\t\t\t\t<\/div>\n\t\t\t\t<\/div>\n\t\t\t\t<\/article>\n\t\t\t\t<\/div>\n\t\t\n\t\t\t\t\t\t<\/div>\n\t\t\t\t<\/div>\n\t\t\t\t<\/div>\n\t\t\t\t<\/div>\n\t\t<div class=\"elementor-element elementor-element-6c1defd3 e-con-full e-flex e-con e-child\" data-id=\"6c1defd3\" data-element_type=\"container\" data-e-type=\"container\">\n\t\t\t\t<div class=\"elementor-element elementor-element-6d5952bb elementor-widget elementor-widget-shortcode\" data-id=\"6d5952bb\" data-element_type=\"widget\" data-e-type=\"widget\" data-widget_type=\"shortcode.default\">\n\t\t\t\t<div class=\"elementor-widget-container\">\n\t\t\t\t\t\t\t<div class=\"elementor-shortcode\">\t\t<div data-elementor-type=\"container\" data-elementor-id=\"46233\" class=\"elementor elementor-46233\" data-elementor-post-type=\"elementor_library\">\n\t\t\t\t<div class=\"elementor-element elementor-element-074fb74 e-con-full e-flex e-con e-parent\" data-id=\"074fb74\" data-element_type=\"container\" data-e-type=\"container\">\n\t\t<div class=\"elementor-element elementor-element-6f95e22 e-con-full e-flex e-con e-child\" data-id=\"6f95e22\" data-element_type=\"container\" data-e-type=\"container\">\n\t\t<div class=\"elementor-element elementor-element-e231ba8 e-con-full e-flex e-con e-child\" data-id=\"e231ba8\" data-element_type=\"container\" data-e-type=\"container\">\n\t\t\t\t<div class=\"elementor-element elementor-element-905a1a7 elementor-widget elementor-widget-image\" data-id=\"905a1a7\" data-element_type=\"widget\" data-e-type=\"widget\" data-widget_type=\"image.default\">\n\t\t\t\t<div class=\"elementor-widget-container\">\n\t\t\t\t\t\t\t\t\t\t\t\t\t\t\t\t<a href=\"https:\/\/activite-piscine.com\/livre-blanc-6-pompes-a-chaleur\/\">\n\t\t\t\t\t\t\t<img loading=\"lazy\" decoding=\"async\" width=\"800\" height=\"800\" src=\"https:\/\/activite-piscine.com\/wp-content\/uploads\/2025\/01\/Post_LB6-1024x1024.jpg\" class=\"attachment-large size-large wp-image-52488\" alt=\"\" srcset=\"https:\/\/activite-piscine.com\/wp-content\/uploads\/2025\/01\/Post_LB6-1024x1024.jpg 1024w, https:\/\/activite-piscine.com\/wp-content\/uploads\/2025\/01\/Post_LB6-300x300.jpg 300w, https:\/\/activite-piscine.com\/wp-content\/uploads\/2025\/01\/Post_LB6-150x150.jpg 150w, https:\/\/activite-piscine.com\/wp-content\/uploads\/2025\/01\/Post_LB6-768x768.jpg 768w, https:\/\/activite-piscine.com\/wp-content\/uploads\/2025\/01\/Post_LB6-1536x1536.jpg 1536w, https:\/\/activite-piscine.com\/wp-content\/uploads\/2025\/01\/Post_LB6-2048x2048.jpg 2048w, https:\/\/activite-piscine.com\/wp-content\/uploads\/2025\/01\/Post_LB6-650x650.jpg 650w, https:\/\/activite-piscine.com\/wp-content\/uploads\/2025\/01\/Post_LB6-1300x1300.jpg 1300w\" sizes=\"(max-width: 800px) 100vw, 800px\" \/>\t\t\t\t\t\t\t\t<\/a>\n\t\t\t\t\t\t\t\t\t\t\t\t\t\t\t<\/div>\n\t\t\t\t<\/div>\n\t\t\t\t<\/div>\n\t\t<div class=\"elementor-element elementor-element-6a184be e-con-full e-flex e-con e-child\" data-id=\"6a184be\" data-element_type=\"container\" data-e-type=\"container\" data-settings=\"{&quot;background_background&quot;:&quot;classic&quot;}\">\n\t\t\t\t<div class=\"elementor-element elementor-element-5091bf8f elementor-widget elementor-widget-heading\" data-id=\"5091bf8f\" data-element_type=\"widget\" data-e-type=\"widget\" data-widget_type=\"heading.default\">\n\t\t\t\t<div class=\"elementor-widget-container\">\n\t\t\t\t\t<h2 class=\"elementor-heading-title elementor-size-default\">Inscrivez-vous \u00e0 notre newsletter<\/h2>\t\t\t\t<\/div>\n\t\t\t\t<\/div>\n\t\t\t\t<div class=\"elementor-element elementor-element-caec4df elementor-widget elementor-widget-shortcode\" data-id=\"caec4df\" data-element_type=\"widget\" data-e-type=\"widget\" data-widget_type=\"shortcode.default\">\n\t\t\t\t<div class=\"elementor-widget-container\">\n\t\t\t\t\t\t\t<div class=\"elementor-shortcode\">\n\t\t\t<form id=\"sib_signup_form_2\" method=\"post\" class=\"sib_signup_form\">\n\t\t\t\t<div class=\"sib_loader\" style=\"display:none;\"><img\n\t\t\t\t\t\t\tsrc=\"https:\/\/activite-piscine.com\/wp-includes\/images\/spinner.gif\" alt=\"loader\"><\/div>\n\t\t\t\t<input type=\"hidden\" name=\"sib_form_action\" value=\"subscribe_form_submit\">\n\t\t\t\t<input type=\"hidden\" name=\"sib_form_id\" value=\"2\">\n                <input type=\"hidden\" name=\"sib_form_alert_notice\" value=\"Remplissez ce champ s\u2019il vous pla\u00eet\">\n                <input type=\"hidden\" name=\"sib_form_invalid_email_notice\" value=\"Cette adresse email n&#039;est pas valide\">\n                <input type=\"hidden\" name=\"sib_security\" value=\"e2f981dd61\">\n\t\t\t\t<div class=\"sib_signup_box_inside_2\">\n\t\t\t\t\t<div style=\"\/*display:none*\/\" class=\"sib_msg_disp\">\n\t\t\t\t\t<\/div>\n                    \t\t\t\t\t<p class=\"sib-NOM-area\"> \r\n    <label class=\"sib-NOM-area\">Nom<\/label> \r\n    <input type=\"text\" class=\"sib-NOM-area\" name=\"NOM\"> \r\n<\/p>\r\n\r\n<p class=\"sib-ENTREPRISE-area\"> \r\n    <label class=\"sib-ENTREPRISE-area\">Entreprise<\/label> \r\n    <input type=\"text\" class=\"sib-ENTREPRISE-area\" name=\"ENTREPRISE\"> \r\n<\/p>\r\n\r\n<p class=\"sib-email-area\"> \r\n    <label class=\"sib-email-area\">E-mail*<\/label> \r\n    <input type=\"email\" class=\"sib-email-area\" name=\"email\" placeholder=\"\" value=\"\" required=\"required\"> \r\n<\/p>\r\n\r\n<p> \r\n    <input type=\"submit\" class=\"sib-default-btn\" name=\"submit\" value=\"S'inscrire\"> \r\n<\/p>\r\n\t\t\t\t<\/div>\n\t\t\t<\/form>\n\t\t\t<style>\n\t\t\t\tform#sib_signup_form_2 { padding: 10px; -moz-box-sizing:border-box; -webkit-box-sizing: border-box; box-sizing: border-box; } form#sib_signup_form_2 input[type=text],form#sib_signup_form_2 input[type=email], form#sib_signup_form_2 select { width: 100%; border: 1px solid #bbb; height: auto; margin: 5px 0 0 0; } form#sib_signup_form_2 .sib-default-btn { font-family: &#039;Roboto&#039;, sans-serif; margin: 5px 0; padding: 8px 14px; color:#fff; background-color: #323A44; font-size: 15px; font-weight:400; line-height: 1.4285; text-align: center; cursor: pointer; vertical-align: middle; -webkit-user-select:none; -moz-user-select:none; -ms-user-select:none; user-select:none; white-space: normal; border:1px solid transparent; border-radius: 3px; } form#sib_signup_form_2 .sib-default-btn:hover { background-color: #ffffff; border-color: #323A44; border: 2px solid; color: #262626; } form#sib_signup_form_2 p{ margin: 10px 0 5 0; font-family: &#039;Roboto&#039;, sans-serif; font-weight: 600; color: #ffffff; }form#sib_signup_form_2 p.sib-alert-message {\n    padding: 6px 12px;\n    margin-bottom: 20px;\n    border: 1px solid transparent;\n    border-radius: 4px;\n    -webkit-box-sizing: border-box;\n    -moz-box-sizing: border-box;\n    box-sizing: border-box;\n}\nform#sib_signup_form_2 p.sib-alert-message-error {\n    background-color: #f2dede;\n    border-color: #ebccd1;\n    color: #a94442;\n}\nform#sib_signup_form_2 p.sib-alert-message-success {\n    background-color: #dff0d8;\n    border-color: #d6e9c6;\n    color: #3c763d;\n}\nform#sib_signup_form_2 p.sib-alert-message-warning {\n    background-color: #fcf8e3;\n    border-color: #faebcc;\n    color: #8a6d3b;\n}\n\t\t\t<\/style>\n\t\t\t<\/div>\n\t\t\t\t\t\t<\/div>\n\t\t\t\t<\/div>\n\t\t\t\t<\/div>\n\t\t<div class=\"elementor-element elementor-element-c2c6d9a e-con-full e-flex e-con e-child\" data-id=\"c2c6d9a\" data-element_type=\"container\" data-e-type=\"container\">\n\t\t\t\t<div class=\"elementor-element elementor-element-40d011f9 elementor-widget elementor-widget-image\" data-id=\"40d011f9\" data-element_type=\"widget\" data-e-type=\"widget\" data-widget_type=\"image.default\">\n\t\t\t\t<div class=\"elementor-widget-container\">\n\t\t\t\t\t\t\t\t\t\t\t\t\t\t\t\t<a href=\"https:\/\/bit.ly\/4qjQckc\" target=\"_blank\">\n\t\t\t\t\t\t\t<img loading=\"lazy\" decoding=\"async\" width=\"800\" height=\"800\" src=\"https:\/\/activite-piscine.com\/wp-content\/uploads\/2025\/01\/sortie_magazine154-1024x1024.jpg\" class=\"attachment-large size-large wp-image-52489\" alt=\"\" srcset=\"https:\/\/activite-piscine.com\/wp-content\/uploads\/2025\/01\/sortie_magazine154-1024x1024.jpg 1024w, https:\/\/activite-piscine.com\/wp-content\/uploads\/2025\/01\/sortie_magazine154-300x300.jpg 300w, https:\/\/activite-piscine.com\/wp-content\/uploads\/2025\/01\/sortie_magazine154-150x150.jpg 150w, https:\/\/activite-piscine.com\/wp-content\/uploads\/2025\/01\/sortie_magazine154-768x768.jpg 768w, https:\/\/activite-piscine.com\/wp-content\/uploads\/2025\/01\/sortie_magazine154-1536x1536.jpg 1536w, https:\/\/activite-piscine.com\/wp-content\/uploads\/2025\/01\/sortie_magazine154-2048x2048.jpg 2048w, https:\/\/activite-piscine.com\/wp-content\/uploads\/2025\/01\/sortie_magazine154-650x650.jpg 650w, https:\/\/activite-piscine.com\/wp-content\/uploads\/2025\/01\/sortie_magazine154-1300x1300.jpg 1300w\" sizes=\"(max-width: 800px) 100vw, 800px\" \/>\t\t\t\t\t\t\t\t<\/a>\n\t\t\t\t\t\t\t\t\t\t\t\t\t\t\t<\/div>\n\t\t\t\t<\/div>\n\t\t\t\t<\/div>\n\t\t<div class=\"elementor-element elementor-element-8625a86 e-con-full e-flex e-con e-child\" data-id=\"8625a86\" data-element_type=\"container\" data-e-type=\"container\" data-settings=\"{&quot;background_background&quot;:&quot;classic&quot;}\">\n\t\t<div class=\"elementor-element elementor-element-34f005f e-con-full e-flex e-con e-child\" data-id=\"34f005f\" data-element_type=\"container\" data-e-type=\"container\">\n\t\t\t\t<div class=\"elementor-element elementor-element-8b42e04 elementor-widget elementor-widget-heading\" data-id=\"8b42e04\" data-element_type=\"widget\" data-e-type=\"widget\" data-widget_type=\"heading.default\">\n\t\t\t\t<div class=\"elementor-widget-container\">\n\t\t\t\t\t<h2 class=\"elementor-heading-title elementor-size-default\">r\u00e9seaux sociaux<\/h2>\t\t\t\t<\/div>\n\t\t\t\t<\/div>\n\t\t\t\t<div class=\"elementor-element elementor-element-e3ec2fa elementor-widget-divider--view-line elementor-widget elementor-widget-divider\" data-id=\"e3ec2fa\" data-element_type=\"widget\" data-e-type=\"widget\" data-widget_type=\"divider.default\">\n\t\t\t\t<div class=\"elementor-widget-container\">\n\t\t\t\t\t\t\t<div class=\"elementor-divider\">\n\t\t\t<span class=\"elementor-divider-separator\">\n\t\t\t\t\t\t<\/span>\n\t\t<\/div>\n\t\t\t\t\t\t<\/div>\n\t\t\t\t<\/div>\n\t\t\t\t<\/div>\n\t\t<div class=\"elementor-element elementor-element-7859459 e-con-full e-flex e-con e-child\" data-id=\"7859459\" data-element_type=\"container\" data-e-type=\"container\">\n\t\t\t\t<div class=\"elementor-element elementor-element-ca7f83c elementor-align-justify elementor-widget elementor-widget-button\" data-id=\"ca7f83c\" data-element_type=\"widget\" data-e-type=\"widget\" data-widget_type=\"button.default\">\n\t\t\t\t<div class=\"elementor-widget-container\">\n\t\t\t\t\t\t\t\t\t<div class=\"elementor-button-wrapper\">\n\t\t\t\t\t<a class=\"elementor-button elementor-button-link elementor-size-sm\" href=\"https:\/\/www.facebook.com\/activitepiscine\/?locale=fr_FR\">\n\t\t\t\t\t\t<span class=\"elementor-button-content-wrapper\">\n\t\t\t\t\t\t<span class=\"elementor-button-icon\">\n\t\t\t\t<i aria-hidden=\"true\" class=\"fab fa-facebook-f\"><\/i>\t\t\t<\/span>\n\t\t\t\t\t\t\t\t\t<span class=\"elementor-button-text\">page facebook<\/span>\n\t\t\t\t\t<\/span>\n\t\t\t\t\t<\/a>\n\t\t\t\t<\/div>\n\t\t\t\t\t\t\t\t<\/div>\n\t\t\t\t<\/div>\n\t\t\t\t<div class=\"elementor-element elementor-element-7f9dba7 elementor-align-justify elementor-widget elementor-widget-button\" data-id=\"7f9dba7\" data-element_type=\"widget\" data-e-type=\"widget\" data-widget_type=\"button.default\">\n\t\t\t\t<div class=\"elementor-widget-container\">\n\t\t\t\t\t\t\t\t\t<div class=\"elementor-button-wrapper\">\n\t\t\t\t\t<a class=\"elementor-button elementor-button-link elementor-size-sm\" href=\"https:\/\/www.facebook.com\/groups\/1849246942052722\/\">\n\t\t\t\t\t\t<span class=\"elementor-button-content-wrapper\">\n\t\t\t\t\t\t<span class=\"elementor-button-icon\">\n\t\t\t\t<i aria-hidden=\"true\" class=\"fab fa-facebook-f\"><\/i>\t\t\t<\/span>\n\t\t\t\t\t\t\t\t\t<span class=\"elementor-button-text\">groupe facebook des professionnels<\/span>\n\t\t\t\t\t<\/span>\n\t\t\t\t\t<\/a>\n\t\t\t\t<\/div>\n\t\t\t\t\t\t\t\t<\/div>\n\t\t\t\t<\/div>\n\t\t\t\t<div class=\"elementor-element elementor-element-9bace1f elementor-align-justify elementor-widget elementor-widget-button\" data-id=\"9bace1f\" data-element_type=\"widget\" data-e-type=\"widget\" data-widget_type=\"button.default\">\n\t\t\t\t<div class=\"elementor-widget-container\">\n\t\t\t\t\t\t\t\t\t<div class=\"elementor-button-wrapper\">\n\t\t\t\t\t<a class=\"elementor-button elementor-button-link elementor-size-sm\" href=\"https:\/\/www.linkedin.com\/company\/l-activit%C3%A9-piscine-magazine\/posts\/?feedView=all\">\n\t\t\t\t\t\t<span class=\"elementor-button-content-wrapper\">\n\t\t\t\t\t\t<span class=\"elementor-button-icon\">\n\t\t\t\t<i aria-hidden=\"true\" class=\"fab fa-linkedin-in\"><\/i>\t\t\t<\/span>\n\t\t\t\t\t\t\t\t\t<span class=\"elementor-button-text\">linkedin<\/span>\n\t\t\t\t\t<\/span>\n\t\t\t\t\t<\/a>\n\t\t\t\t<\/div>\n\t\t\t\t\t\t\t\t<\/div>\n\t\t\t\t<\/div>\n\t\t\t\t<\/div>\n\t\t\t\t<\/div>\n\t\t<div class=\"elementor-element elementor-element-2062a23 e-con-full e-flex e-con e-child\" data-id=\"2062a23\" data-element_type=\"container\" data-e-type=\"container\">\n\t\t\t\t<\/div>\n\t\t\t\t<\/div>\n\t\t\t\t<\/div>\n\t\t\t\t<\/div>\n\t\t<\/div>\n\t\t\t\t\t\t<\/div>\n\t\t\t\t<\/div>\n\t\t\t\t<\/div>\n\t\t\t\t<\/div>\n\t\t\t\t<\/div>\n\t\t","protected":false},"excerpt":{"rendered":"<p>Chantier &#8211; Collectivit\u00e9s<\/p>","protected":false},"author":26,"featured_media":0,"parent":46884,"menu_order":0,"comment_status":"closed","ping_status":"closed","template":"","meta":{"footnotes":""},"class_list":["post-48132","page","type-page","status-publish","hentry"],"_links":{"self":[{"href":"https:\/\/activite-piscine.com\/en\/wp-json\/wp\/v2\/pages\/48132","targetHints":{"allow":["GET"]}}],"collection":[{"href":"https:\/\/activite-piscine.com\/en\/wp-json\/wp\/v2\/pages"}],"about":[{"href":"https:\/\/activite-piscine.com\/en\/wp-json\/wp\/v2\/types\/page"}],"author":[{"embeddable":true,"href":"https:\/\/activite-piscine.com\/en\/wp-json\/wp\/v2\/users\/26"}],"replies":[{"embeddable":true,"href":"https:\/\/activite-piscine.com\/en\/wp-json\/wp\/v2\/comments?post=48132"}],"version-history":[{"count":0,"href":"https:\/\/activite-piscine.com\/en\/wp-json\/wp\/v2\/pages\/48132\/revisions"}],"up":[{"embeddable":true,"href":"https:\/\/activite-piscine.com\/en\/wp-json\/wp\/v2\/pages\/46884"}],"wp:attachment":[{"href":"https:\/\/activite-piscine.com\/en\/wp-json\/wp\/v2\/media?parent=48132"}],"curies":[{"name":"wp","href":"https:\/\/api.w.org\/{rel}","templated":true}]}}