{"id":9775,"date":"2017-07-21T16:19:38","date_gmt":"2017-07-21T14:19:38","guid":{"rendered":"http:\/\/activite-piscine.com\/?page_id=9775"},"modified":"2024-06-18T10:26:10","modified_gmt":"2024-06-18T08:26:10","slug":"mentions-legales","status":"publish","type":"page","link":"https:\/\/activite-piscine.com\/en\/mentions-legales\/","title":{"rendered":"Terms of use"},"content":{"rendered":"<p>EDITEUR : ACTIVIT\u00c9 PISCINE est une publication de la soci\u00e9t\u00e9 Les Editions Messignac au capital de 8 000 \u20ac RCS LYON 410 292 858, SASU<\/p>\n<p>96, boulevard Marius Vivier Merle 69003 LYON<\/p>\n<p>T\u00e9l. 04 72 38 06 16<\/p>\n<p>contact@activite-piscine.com<br \/>\nNom du directeur de publication : Thibault Leclerc<\/p>\n<p>H\u00c9BERGEUR :<\/p>\n<p>Nom : OVH<br \/>\nAdresse : 2 rue Kellermann, 59 100 Roubaix<br \/>\nT\u00e9l\u00e9phone : 08 203 203 63<\/p>\n<p>INFORMATIQUE ET LIBERT\u00c9S<\/p>\n<p>Le recueil et le traitement des donn\u00e9es personnelles mis en \u0153uvre sur le site de activite-piscine.com sont d\u00e9clar\u00e9s sous le num\u00e9ro 1997737 v 0 aupr\u00e8s de la CNIL conform\u00e9ment \u00e0 la loi n\u00b078-17 du 6 janvier 1978 relative \u00e0 l\u2019informatique, aux fichiers et aux libert\u00e9s. Vous disposez d\u2019un droit d\u2019opposition (article 38 de la loi), d\u2019acc\u00e8s (articles 39, 41 et 42 de la loi) et de rectification (article 40 de la loi) de ces donn\u00e9es. Vous pouvez donc exiger la rectification, l\u2019ajout, la clarification, la mise \u00e0 jour ou la suppression des informations vous concernant qui sont inexactes, incompl\u00e8tes, \u00e9quivoques, p\u00e9rim\u00e9es, ou dont la collecte ou l\u2019utilisation, la communication ou la conservation est interdite. Vous pouvez exercer ces droits en \u00e9crivant aux Editions Messignac, 8 chemin du Jubin, 69570 Dardilly<\/p>\n<p>PROPRI\u00c9T\u00c9 INTELLECTUELLE \/ DROITS CONC\u00c9D\u00c9S AUX UTILISATEURS<\/p>\n<p>Les Editions Messignac et\/ou ses partenaires sont les titulaires exclusifs de l\u2019ensemble droits de propri\u00e9t\u00e9 intellectuelle tant sur la structure que sur le contenu de http:\/\/activite-piscine.com, et ce dans le monde entier. Les Editions Messignac consentent \u00e0 l\u2019utilisateur du site un droit d\u2019usage priv\u00e9, non collectif et non exclusif sur son contenu. L\u2019utilisateur pourra ainsi reproduire tout ou partie du contenu de http:\/\/activite-piscine.com\/\u00a0pour stockage aux fins de repr\u00e9sentation sur \u00e9cran monoposte et de reproduction, en un exemplaire, pour copie de sauvegarde ou tirage sur papier. Ce droit est consenti dans le cadre d\u2019un usage personnel exclusivement, toute mise en r\u00e9seau, toute rediffusion ou exploitation totale ou partielle de ce contenu dans un cadre professionnel ou commercial, aupr\u00e8s des tiers, sous quelque forme que ce soit, \u00e9tant strictement interdite sauf accord pr\u00e9alable de la soci\u00e9t\u00e9 Les Editions Messignac.<\/p>\n<p>Nonobstant les droits de reproduction et de stockage tels que strictement d\u00e9finis ci-dessus, et sauf autorisation pr\u00e9alable et expresse des Editions Messignac, l\u2019utilisateur du site http:\/\/activite-piscine.com\/ s\u2019interdit de reproduire et\/ou d\u2019utiliser les marques et logos pr\u00e9sents sur le site, ainsi que de modifier, copier, traduire, reproduire, vendre, publier, exploiter et diffuser dans un format num\u00e9rique ou autre, tout ou partie des informations, textes, photos, images, vid\u00e9os et donn\u00e9es pr\u00e9sentes sur ce site, qui constituent des \u0153uvres au sens des dispositions de l\u2019article L112-1 du code de la propri\u00e9t\u00e9 intellectuelle.<\/p>\n<p>La violation de ces dispositions imp\u00e9ratives soumet le contrevenant, et toutes personnes responsables, aux peines p\u00e9nales et civiles pr\u00e9vues par la loi.<\/p>\n<p>LIMITATION DE RESPONSABILIT\u00c9<\/p>\n<p>Les Editions Messignac comporte des \u00e9l\u00e9ments et des informations mises \u00e0 disposition par des soci\u00e9t\u00e9s tiers et\/ou des liens vers d\u2019autres sites internet qui n\u2019ont pas \u00e9t\u00e9 d\u00e9velopp\u00e9s par Les Editions Messignac. Ce type de contenu est propos\u00e9 \u00e0 titre informatif. La pr\u00e9sence d\u2019un lien vers un autre site ne constitue en aucun cas une validation de ce site ou de son contenu. C\u2019est donc \u00e0 l\u2019utilisateur d\u2019utiliser ces informations avec discernement et esprit critique. La responsabilit\u00e9 des Editions Messignac ne pourrait \u00eatre engag\u00e9e du fait de contenu mis \u00e0 disposition par des soci\u00e9t\u00e9s externes.<\/p>","protected":false},"excerpt":{"rendered":"<p>EDITEUR : ACTIVIT\u00c9 PISCINE est une publication de la soci\u00e9t\u00e9 Les Editions Messignac au capital de 8 000 \u20ac RCS LYON 410 292 858, SASU 96, boulevard Marius Vivier Merle 69003 LYON T\u00e9l. 04 72 38 06 16 contact@activite-piscine.com Nom du directeur de publication : Thibault Leclerc H\u00c9BERGEUR : Nom : OVH Adresse : 2 [&hellip;]<\/p>\n","protected":false},"author":26,"featured_media":0,"parent":0,"menu_order":0,"comment_status":"closed","ping_status":"closed","template":"","meta":{"footnotes":""},"class_list":["post-9775","page","type-page","status-publish","hentry"],"_links":{"self":[{"href":"https:\/\/activite-piscine.com\/en\/wp-json\/wp\/v2\/pages\/9775","targetHints":{"allow":["GET"]}}],"collection":[{"href":"https:\/\/activite-piscine.com\/en\/wp-json\/wp\/v2\/pages"}],"about":[{"href":"https:\/\/activite-piscine.com\/en\/wp-json\/wp\/v2\/types\/page"}],"author":[{"embeddable":true,"href":"https:\/\/activite-piscine.com\/en\/wp-json\/wp\/v2\/users\/26"}],"replies":[{"embeddable":true,"href":"https:\/\/activite-piscine.com\/en\/wp-json\/wp\/v2\/comments?post=9775"}],"version-history":[{"count":0,"href":"https:\/\/activite-piscine.com\/en\/wp-json\/wp\/v2\/pages\/9775\/revisions"}],"wp:attachment":[{"href":"https:\/\/activite-piscine.com\/en\/wp-json\/wp\/v2\/media?parent=9775"}],"curies":[{"name":"wp","href":"https:\/\/api.w.org\/{rel}","templated":true}]}}